{"id":273,"date":"2023-08-08T19:01:48","date_gmt":"2023-08-08T17:01:48","guid":{"rendered":"https:\/\/sahelinstitute.org\/?page_id=273"},"modified":"2023-08-18T01:38:18","modified_gmt":"2023-08-17T23:38:18","slug":"nos-equipes","status":"publish","type":"page","link":"https:\/\/sahelinstitute.org\/?page_id=273","title":{"rendered":"Nos Equipes"},"content":{"rendered":"\t\t<div data-elementor-type=\"wp-page\" data-elementor-id=\"273\" class=\"elementor elementor-273\" data-elementor-post-type=\"page\">\n\t\t\t\t\t\t<section class=\"elementor-section elementor-top-section elementor-element elementor-element-6908f74 elementor-section-boxed elementor-section-height-default elementor-section-height-default\" data-id=\"6908f74\" data-element_type=\"section\">\n\t\t\t\t\t\t<div class=\"elementor-container elementor-column-gap-default\">\n\t\t\t\t\t<div class=\"elementor-column elementor-col-100 elementor-top-column elementor-element elementor-element-15d9cad\" data-id=\"15d9cad\" data-element_type=\"column\">\n\t\t\t<div class=\"elementor-widget-wrap elementor-element-populated\">\n\t\t\t\t\t\t<div class=\"elementor-element elementor-element-0315221 elementor-widget elementor-widget-spacer\" data-id=\"0315221\" data-element_type=\"widget\" data-widget_type=\"spacer.default\">\n\t\t\t\t<div class=\"elementor-widget-container\">\n\t\t\t\t\t\t\t<div class=\"elementor-spacer\">\n\t\t\t<div class=\"elementor-spacer-inner\"><\/div>\n\t\t<\/div>\n\t\t\t\t\t\t<\/div>\n\t\t\t\t<\/div>\n\t\t\t\t<div class=\"elementor-element elementor-element-c68dc38 elementor-widget elementor-widget-heading\" data-id=\"c68dc38\" data-element_type=\"widget\" data-widget_type=\"heading.default\">\n\t\t\t\t<div class=\"elementor-widget-container\">\n\t\t\t\t\t<h2 class=\"elementor-heading-title elementor-size-default\">Nos Equipes<\/h2>\t\t\t\t<\/div>\n\t\t\t\t<\/div>\n\t\t\t\t\t<\/div>\n\t\t<\/div>\n\t\t\t\t\t<\/div>\n\t\t<\/section>\n\t\t\t\t<section class=\"elementor-section elementor-top-section elementor-element elementor-element-78ab555 elementor-section-boxed elementor-section-height-default elementor-section-height-default\" data-id=\"78ab555\" data-element_type=\"section\">\n\t\t\t\t\t\t<div class=\"elementor-container elementor-column-gap-default\">\n\t\t\t\t\t<div class=\"elementor-column elementor-col-100 elementor-top-column elementor-element elementor-element-5fce79b\" data-id=\"5fce79b\" data-element_type=\"column\">\n\t\t\t<div class=\"elementor-widget-wrap elementor-element-populated\">\n\t\t\t\t\t\t<div class=\"elementor-element elementor-element-f9188eb elementor-widget elementor-widget-text-editor\" data-id=\"f9188eb\" data-element_type=\"widget\" data-widget_type=\"text-editor.default\">\n\t\t\t\t<div class=\"elementor-widget-container\">\n\t\t\t\t\t\t\t\t\t<p style=\"text-align: center;\">Nous croyons fermement que la cl\u00e9 du succ\u00e8s r\u00e9side dans la diversit\u00e9 de nos parcours. Nos membres proviennent d&rsquo;horizons vari\u00e9s, allant des experts chevronn\u00e9s de l&rsquo;industrie aux jeunes talents prometteurs. Cette combinaison de savoir-faire et de perspectives nous permet d&rsquo;aborder chaque projet avec une approche innovante et holistique.<\/p>\t\t\t\t\t\t\t\t<\/div>\n\t\t\t\t<\/div>\n\t\t\t\t<div class=\"elementor-element elementor-element-d3db243 elementor-widget elementor-widget-heading\" data-id=\"d3db243\" data-element_type=\"widget\" data-widget_type=\"heading.default\">\n\t\t\t\t<div class=\"elementor-widget-container\">\n\t\t\t\t\t<h2 class=\"elementor-heading-title elementor-size-default\">Mali<\/h2>\t\t\t\t<\/div>\n\t\t\t\t<\/div>\n\t\t\t\t\t<\/div>\n\t\t<\/div>\n\t\t\t\t\t<\/div>\n\t\t<\/section>\n\t\t\t\t<section class=\"elementor-section elementor-top-section elementor-element elementor-element-11a26cd elementor-section-boxed elementor-section-height-default elementor-section-height-default\" data-id=\"11a26cd\" data-element_type=\"section\">\n\t\t\t\t\t\t<div class=\"elementor-container elementor-column-gap-default\">\n\t\t\t\t\t<div class=\"elementor-column elementor-col-100 elementor-top-column elementor-element elementor-element-25a66bc\" data-id=\"25a66bc\" data-element_type=\"column\">\n\t\t\t<div class=\"elementor-widget-wrap elementor-element-populated\">\n\t\t\t\t\t\t<div class=\"elementor-element elementor-element-a296cbc elementor-widget elementor-widget-shortcode\" data-id=\"a296cbc\" data-element_type=\"widget\" data-widget_type=\"shortcode.default\">\n\t\t\t\t<div class=\"elementor-widget-container\">\n\t\t\t\t\t\t\t<div class=\"elementor-shortcode\"><div class=\"tmm tmm_team-sahel\"><div class=\"tmm_3_columns tmm_wrap tmm_plugin_f\"><span class=\"tmm_two_containers_tablet\"><\/span><div class=\"tmm_container\"><div class=\"tmm_member\" style=\"border-top:#333333 solid 5px;\"><div class=\"tmm_photo tmm_pic_team-sahel_0\" style=\"background: url(https:\/\/sahelinstitute.org\/wp-content\/uploads\/2023\/01\/WhatsApp-Image-2023-01-20-at-22.13.38.jpeg); margin-left: auto; margin-right:auto; background-size:cover !important;\"><\/div><div class=\"tmm_textblock\"><div class=\"tmm_names\"><span class=\"tmm_fname\">Moussa<\/span> <span class=\"tmm_lname\">KONDO<\/span><\/div><div class=\"tmm_job\">Directeur Ex\u00e9cutif<\/div><div class=\"tmm_desc\" style=\"text-align:\"><p>Kondo Moussa est journaliste et acteur de la soci\u00e9t\u00e9 civile Malienne avec pr\u00e8s de 17 ans d'exp\u00e9rience dans divers domaines de d\u00e9veloppement communautaire, en particulier dans les programmes d'engagement et de participation des jeunes...<\/p><p><a href=\"https:\/\/sahelinstitute.org\/moussa-kondo-2\/\" target=\"_blank\" rel=\"noopener\">Lire plus<\/a><\/p><\/div><div class=\"tmm_scblock\"><a target=\"_blank\" class=\"tmm_sociallink\" href=\"https:\/\/www.facebook.com\/profile.php?id=100087861927268&#038;mibextid=LQQJ4d\" title=\"Facebook\"><img decoding=\"async\" alt=\"Facebook\" src=\"https:\/\/sahelinstitute.org\/wp-content\/plugins\/team-members\/inc\/img\/links\/facebook.png\"\/><\/a><\/div><\/div><\/div><div class=\"tmm_member\" style=\"border-top:#333333 solid 5px;\"><div class=\"tmm_photo tmm_pic_team-sahel_1\" style=\"background: url(https:\/\/sahelinstitute.org\/wp-content\/uploads\/2023\/01\/ML-1.jpg); margin-left: auto; margin-right:auto; background-size:cover !important;\"><\/div><div class=\"tmm_textblock\"><div class=\"tmm_names\"><span class=\"tmm_fname\">Mohamed Lamine<\/span> <span class=\"tmm_lname\">TOURE<\/span><\/div><div class=\"tmm_job\">Project Manager<\/div><div class=\"tmm_desc\" style=\"text-align:\"><p>Mohamed Lamine TOURE est un jeune Juriste, d\u00e9tenteur d'une Ma\u00eetrise en Droit Public International, avec une exp\u00e9rience de plus de quatre ans dans le milieu Judiciaire. Par ailleurs, Mohamed Lamine TOURE est un passionn\u00e9 du monde humanitaire et des relations...<\/p><p><a href=\"https:\/\/sahelinstitute.org\/mohamed-lamine-toure\/\" target=\"_blank\" rel=\"noopener\">Lire plus<\/a><\/p><\/div><div class=\"tmm_scblock\"><a target=\"_blank\" class=\"tmm_sociallink\" href=\"https:\/\/www.facebook.com\/profile.php?id=100087861927268&#038;mibextid=LQQJ4d\" title=\"\"><img decoding=\"async\" alt=\"\" src=\"https:\/\/sahelinstitute.org\/wp-content\/plugins\/team-members\/inc\/img\/links\/facebook.png\"\/><\/a><\/div><\/div><\/div><span class=\"tmm_two_containers_tablet\"><\/span><div class=\"tmm_member\" style=\"border-top:#333333 solid 5px;\"><div class=\"tmm_photo tmm_pic_team-sahel_2\" style=\"background: url(https:\/\/sahelinstitute.org\/wp-content\/uploads\/2023\/01\/WhatsApp-Image-2023-01-17-at-19.30.361.jpeg); margin-left: auto; margin-right:auto; background-size:cover !important;\"><\/div><div class=\"tmm_textblock\"><div class=\"tmm_names\"><span class=\"tmm_fname\">Fadimata Walet<\/span> <span class=\"tmm_lname\"> Aghatam<\/span><\/div><div class=\"tmm_job\">Project Manager<\/div><div class=\"tmm_desc\" style=\"text-align:\"><p>Fadimata Walet Aghatam est juriste publiciste, sp\u00e9cialiste en contrats sp\u00e9ciaux apr\u00e8s un M2 obtenu \u00e0 L\u2019universit\u00e9 Paris-Saclay.<\/p><p>Apr\u00e8s de nombreux stages en cabinet...<\/p><p><a href=\"https:\/\/sahelinstitute.org\/fadimata-walet-aghatam\">Lire plus<\/a><\/p><\/div><div class=\"tmm_scblock\"><a target=\"_blank\" class=\"tmm_sociallink\" href=\"https:\/\/www.facebook.com\/profile.php?id=100087861927268&#038;mibextid=LQQJ4d\" title=\"\"><img decoding=\"async\" alt=\"\" src=\"https:\/\/sahelinstitute.org\/wp-content\/plugins\/team-members\/inc\/img\/links\/facebook.png\"\/><\/a><\/div><\/div><\/div><\/div><span class=\"tmm_columns_containers_desktop\"><\/span><div class=\"tmm_container\"><div class=\"tmm_member\" style=\"border-top:#333333 solid 5px;\"><div class=\"tmm_photo tmm_pic_team-sahel_3\" style=\"background: url(https:\/\/sahelinstitute.org\/wp-content\/uploads\/2023\/01\/Timbo-2.jpg); margin-left: auto; margin-right:auto; background-size:cover !important;\"><\/div><div class=\"tmm_textblock\"><div class=\"tmm_names\"><span class=\"tmm_fname\">Amadou<\/span> <span class=\"tmm_lname\">TIMBO<\/span><\/div><div class=\"tmm_job\">Comptable<\/div><div class=\"tmm_desc\" style=\"text-align:\"><p>D\u00e9tenteur d\u2019un Master en Comptabilit\u00e9 Contr\u00f4le de gestion et Audit \u00e0 (ESGEC) Ecole sup\u00e9rieure de gestion Informatique et de comptabilit\u00e9 et \u00e9galement d\u2019une Licence en Banque finance \u00e0 l\u2019institut VITO S Bamako, Timbo est membre de plusieurs association dont l\u2019Association des Jeunes Africains Responsables pour le D\u00e9veloppement de l\u2019Afrique (AJARDA).<\/p><\/div><div class=\"tmm_scblock\"><\/div><\/div><\/div><div style=\"clear:both;\"><\/div><\/div><\/div><\/div><\/div>\n\t\t\t\t\t\t<\/div>\n\t\t\t\t<\/div>\n\t\t\t\t\t<\/div>\n\t\t<\/div>\n\t\t\t\t\t<\/div>\n\t\t<\/section>\n\t\t\t\t<section class=\"elementor-section elementor-top-section elementor-element elementor-element-4fef2ee elementor-section-boxed elementor-section-height-default elementor-section-height-default\" data-id=\"4fef2ee\" data-element_type=\"section\">\n\t\t\t\t\t\t<div class=\"elementor-container elementor-column-gap-default\">\n\t\t\t\t\t<div class=\"elementor-column elementor-col-100 elementor-top-column elementor-element elementor-element-8ae7441\" data-id=\"8ae7441\" data-element_type=\"column\">\n\t\t\t<div class=\"elementor-widget-wrap elementor-element-populated\">\n\t\t\t\t\t\t<div class=\"elementor-element elementor-element-9e3646d elementor-widget elementor-widget-heading\" data-id=\"9e3646d\" data-element_type=\"widget\" data-widget_type=\"heading.default\">\n\t\t\t\t<div class=\"elementor-widget-container\">\n\t\t\t\t\t<h2 class=\"elementor-heading-title elementor-size-default\">Niger<\/h2>\t\t\t\t<\/div>\n\t\t\t\t<\/div>\n\t\t\t\t\t<\/div>\n\t\t<\/div>\n\t\t\t\t\t<\/div>\n\t\t<\/section>\n\t\t\t\t<section class=\"elementor-section elementor-top-section elementor-element elementor-element-ecd911f elementor-section-boxed elementor-section-height-default elementor-section-height-default\" data-id=\"ecd911f\" data-element_type=\"section\">\n\t\t\t\t\t\t<div class=\"elementor-container elementor-column-gap-default\">\n\t\t\t\t\t<div class=\"elementor-column elementor-col-100 elementor-top-column elementor-element elementor-element-d47070a\" data-id=\"d47070a\" data-element_type=\"column\">\n\t\t\t<div class=\"elementor-widget-wrap elementor-element-populated\">\n\t\t\t\t\t\t<div class=\"elementor-element elementor-element-5faf824 elementor-widget elementor-widget-shortcode\" data-id=\"5faf824\" data-element_type=\"widget\" data-widget_type=\"shortcode.default\">\n\t\t\t\t<div class=\"elementor-widget-container\">\n\t\t\t\t\t\t\t<div class=\"elementor-shortcode\"><div class=\"tmm tmm_team-sahel-niger\"><div class=\"tmm_3_columns tmm_wrap tmm_plugin_f\"><span class=\"tmm_two_containers_tablet\"><\/span><div class=\"tmm_container\"><div class=\"tmm_member\" style=\"border-top:#333333 solid 5px;\"><div class=\"tmm_photo tmm_pic_team-sahel-niger_0\" style=\"background: url(https:\/\/sahelinstitute.org\/wp-content\/uploads\/2023\/08\/WhatsApp-Image-2023-02-25-at-22.14.24-2.jpeg); margin-left: auto; margin-right:auto; background-size:cover !important;\"><\/div><div class=\"tmm_textblock\"><div class=\"tmm_names\"><span class=\"tmm_fname\">YACOUBA Moussa <\/span> <span class=\"tmm_lname\">Soumana<\/span><\/div><div class=\"tmm_job\">Directeur Pays Niger<\/div><div class=\"tmm_desc\" style=\"text-align:\"><p>M. Yacouba Moussa Soumana. 1er Vice-Pr\u00e9sident du Conseil National de la Jeunesse du Niger et Pr\u00e9sident du Conseil R\u00e9gional de la Jeunesse de Tillab\u00e9ry, Yacouba Moussa Soumana est un jeune leader de la jeunesse africaine tr\u00e8s actif dans la lutte contre la...<\/p><p>Lire plus<\/p><\/div><div class=\"tmm_scblock\"><\/div><\/div><\/div><div style=\"clear:both;\"><\/div><\/div><\/div><\/div><\/div>\n\t\t\t\t\t\t<\/div>\n\t\t\t\t<\/div>\n\t\t\t\t\t<\/div>\n\t\t<\/div>\n\t\t\t\t\t<\/div>\n\t\t<\/section>\n\t\t\t\t<section class=\"elementor-section elementor-top-section elementor-element elementor-element-bd99bb9 elementor-section-boxed elementor-section-height-default elementor-section-height-default\" data-id=\"bd99bb9\" data-element_type=\"section\">\n\t\t\t\t\t\t<div class=\"elementor-container elementor-column-gap-default\">\n\t\t\t\t\t<div class=\"elementor-column elementor-col-100 elementor-top-column elementor-element elementor-element-fc8578e\" data-id=\"fc8578e\" data-element_type=\"column\">\n\t\t\t<div class=\"elementor-widget-wrap elementor-element-populated\">\n\t\t\t\t\t\t<div class=\"elementor-element elementor-element-32be543 elementor-widget elementor-widget-heading\" data-id=\"32be543\" data-element_type=\"widget\" data-widget_type=\"heading.default\">\n\t\t\t\t<div class=\"elementor-widget-container\">\n\t\t\t\t\t<h2 class=\"elementor-heading-title elementor-size-default\">Burkina Faso<\/h2>\t\t\t\t<\/div>\n\t\t\t\t<\/div>\n\t\t\t\t\t<\/div>\n\t\t<\/div>\n\t\t\t\t\t<\/div>\n\t\t<\/section>\n\t\t\t\t<section class=\"elementor-section elementor-top-section elementor-element elementor-element-e838083 elementor-section-boxed elementor-section-height-default elementor-section-height-default\" data-id=\"e838083\" data-element_type=\"section\">\n\t\t\t\t\t\t<div class=\"elementor-container elementor-column-gap-default\">\n\t\t\t\t\t<div class=\"elementor-column elementor-col-100 elementor-top-column elementor-element elementor-element-d9fd949\" data-id=\"d9fd949\" data-element_type=\"column\">\n\t\t\t<div class=\"elementor-widget-wrap elementor-element-populated\">\n\t\t\t\t\t\t<div class=\"elementor-element elementor-element-e9fc58f elementor-widget elementor-widget-shortcode\" data-id=\"e9fc58f\" data-element_type=\"widget\" data-widget_type=\"shortcode.default\">\n\t\t\t\t<div class=\"elementor-widget-container\">\n\t\t\t\t\t\t\t<div class=\"elementor-shortcode\"><div class=\"tmm tmm_sahel-team-burkina-faso\"><div class=\"tmm_3_columns tmm_wrap tmm_plugin_f\"><span class=\"tmm_two_containers_tablet\"><\/span><div class=\"tmm_container\"><div class=\"tmm_member\" style=\"border-top:#333333 solid 5px;\"><div class=\"tmm_photo tmm_pic_sahel-team-burkina-faso_0\" style=\"background: url(https:\/\/sahelinstitute.org\/wp-content\/uploads\/2023\/08\/WhatsApp-Image-2023-05-05-at-13.26.35.jpeg); margin-left: auto; margin-right:auto; background-size:cover !important;\"><\/div><div class=\"tmm_textblock\"><div class=\"tmm_names\"><span class=\"tmm_fname\">Sougourounoma Henri<\/span> <span class=\"tmm_lname\">KABOR\u00c9<\/span><\/div><div class=\"tmm_job\">Directeur Pays Burkina Faso<\/div><div class=\"tmm_scblock\"><\/div><\/div><\/div><div style=\"clear:both;\"><\/div><\/div><\/div><\/div><\/div>\n\t\t\t\t\t\t<\/div>\n\t\t\t\t<\/div>\n\t\t\t\t\t<\/div>\n\t\t<\/div>\n\t\t\t\t\t<\/div>\n\t\t<\/section>\n\t\t\t\t<section class=\"elementor-section elementor-top-section elementor-element elementor-element-80bd3fa elementor-section-boxed elementor-section-height-default elementor-section-height-default\" data-id=\"80bd3fa\" data-element_type=\"section\">\n\t\t\t\t\t\t<div class=\"elementor-container elementor-column-gap-default\">\n\t\t\t\t\t<div class=\"elementor-column elementor-col-100 elementor-top-column elementor-element elementor-element-7bd620f\" data-id=\"7bd620f\" data-element_type=\"column\">\n\t\t\t<div class=\"elementor-widget-wrap elementor-element-populated\">\n\t\t\t\t\t\t<div class=\"elementor-element elementor-element-e6b6df5 elementor-widget elementor-widget-heading\" data-id=\"e6b6df5\" data-element_type=\"widget\" data-widget_type=\"heading.default\">\n\t\t\t\t<div class=\"elementor-widget-container\">\n\t\t\t\t\t<h2 class=\"elementor-heading-title elementor-size-default\">Benin<\/h2>\t\t\t\t<\/div>\n\t\t\t\t<\/div>\n\t\t\t\t\t<\/div>\n\t\t<\/div>\n\t\t\t\t\t<\/div>\n\t\t<\/section>\n\t\t\t\t<section class=\"elementor-section elementor-top-section elementor-element elementor-element-1ad3623 elementor-section-boxed elementor-section-height-default elementor-section-height-default\" data-id=\"1ad3623\" data-element_type=\"section\">\n\t\t\t\t\t\t<div class=\"elementor-container elementor-column-gap-default\">\n\t\t\t\t\t<div class=\"elementor-column elementor-col-100 elementor-top-column elementor-element elementor-element-adac570\" data-id=\"adac570\" data-element_type=\"column\">\n\t\t\t<div class=\"elementor-widget-wrap elementor-element-populated\">\n\t\t\t\t\t\t<div class=\"elementor-element elementor-element-5e7b30f elementor-widget elementor-widget-shortcode\" data-id=\"5e7b30f\" data-element_type=\"widget\" data-widget_type=\"shortcode.default\">\n\t\t\t\t<div class=\"elementor-widget-container\">\n\t\t\t\t\t\t\t<div class=\"elementor-shortcode\"><div class=\"tmm tmm_sahel-team-benin\"><div class=\"tmm_3_columns tmm_wrap tmm_plugin_f\"><span class=\"tmm_two_containers_tablet\"><\/span><div class=\"tmm_container\"><div class=\"tmm_member\" style=\"border-top:#333333 solid 5px;\"><div class=\"tmm_photo tmm_pic_sahel-team-benin_0\" style=\"background: url(https:\/\/sahelinstitute.org\/wp-content\/uploads\/2023\/08\/Michel-OKAN-2-rotated.jpeg); margin-left: auto; margin-right:auto; background-size:cover !important;\"><\/div><div class=\"tmm_textblock\"><div class=\"tmm_names\"><span class=\"tmm_fname\"> Michel<\/span> <span class=\"tmm_lname\">OKAN<\/span><\/div><div class=\"tmm_job\">Directeur Pays Benin<\/div><div class=\"tmm_scblock\"><\/div><\/div><\/div><div class=\"tmm_member\" style=\"border-top:#333333 solid 5px;\"><div class=\"tmm_photo tmm_pic_sahel-team-benin_1\" style=\"background: url(https:\/\/sahelinstitute.org\/wp-content\/uploads\/2023\/08\/Abiodoun-Koutchika-Team.jpg); margin-left: auto; margin-right:auto; background-size:cover !important;\"><\/div><div class=\"tmm_textblock\"><div class=\"tmm_names\"><span class=\"tmm_fname\">Abiodoun<\/span> <span class=\"tmm_lname\">Koutchika<\/span><\/div><div class=\"tmm_job\">Project Manager<\/div><div class=\"tmm_scblock\"><\/div><\/div><\/div><div style=\"clear:both;\"><\/div><\/div><\/div><\/div><\/div>\n\t\t\t\t\t\t<\/div>\n\t\t\t\t<\/div>\n\t\t\t\t\t<\/div>\n\t\t<\/div>\n\t\t\t\t\t<\/div>\n\t\t<\/section>\n\t\t\t\t<\/div>\n\t\t","protected":false},"excerpt":{"rendered":"<p>Nos Equipes Nous croyons fermement que la cl\u00e9 du succ\u00e8s r\u00e9side dans la diversit\u00e9 de nos parcours. Nos membres proviennent d&rsquo;horizons vari\u00e9s, allant des experts chevronn\u00e9s de l&rsquo;industrie aux jeunes talents prometteurs. Cette combinaison de savoir-faire et de perspectives nous permet d&rsquo;aborder chaque projet avec une approche innovante et holistique. Mali Niger Burkina Faso Benin<\/p>\n","protected":false},"author":1,"featured_media":0,"parent":0,"menu_order":0,"comment_status":"closed","ping_status":"closed","template":"elementor_header_footer","meta":{"_monsterinsights_skip_tracking":false,"_monsterinsights_sitenote_active":false,"_monsterinsights_sitenote_note":"","_monsterinsights_sitenote_category":0,"footnotes":""},"class_list":["post-273","page","type-page","status-publish","hentry"],"_links":{"self":[{"href":"https:\/\/sahelinstitute.org\/index.php?rest_route=\/wp\/v2\/pages\/273","targetHints":{"allow":["GET"]}}],"collection":[{"href":"https:\/\/sahelinstitute.org\/index.php?rest_route=\/wp\/v2\/pages"}],"about":[{"href":"https:\/\/sahelinstitute.org\/index.php?rest_route=\/wp\/v2\/types\/page"}],"author":[{"embeddable":true,"href":"https:\/\/sahelinstitute.org\/index.php?rest_route=\/wp\/v2\/users\/1"}],"replies":[{"embeddable":true,"href":"https:\/\/sahelinstitute.org\/index.php?rest_route=%2Fwp%2Fv2%2Fcomments&post=273"}],"version-history":[{"count":10,"href":"https:\/\/sahelinstitute.org\/index.php?rest_route=\/wp\/v2\/pages\/273\/revisions"}],"predecessor-version":[{"id":678,"href":"https:\/\/sahelinstitute.org\/index.php?rest_route=\/wp\/v2\/pages\/273\/revisions\/678"}],"wp:attachment":[{"href":"https:\/\/sahelinstitute.org\/index.php?rest_route=%2Fwp%2Fv2%2Fmedia&parent=273"}],"curies":[{"name":"wp","href":"https:\/\/api.w.org\/{rel}","templated":true}]}}